{"id":1172,"date":"2023-08-31T09:32:57","date_gmt":"2023-08-31T09:32:57","guid":{"rendered":"http:\/\/antik-linke.de\/?page_id=1172"},"modified":"2023-08-31T09:32:57","modified_gmt":"2023-08-31T09:32:57","slug":"antiquitaeten","status":"publish","type":"page","link":"http:\/\/antik-linke.de\/?page_id=1172","title":{"rendered":"ANTIQUIT\u00c4TEN\u200b"},"content":{"rendered":"\t\t<div data-elementor-type=\"wp-page\" data-elementor-id=\"1172\" class=\"elementor elementor-1172\">\n\t\t\t\t\t\t<section class=\"elementor-section elementor-top-section elementor-element elementor-element-d81a933 elementor-section-boxed elementor-section-height-default elementor-section-height-default\" data-id=\"d81a933\" data-element_type=\"section\" data-e-type=\"section\">\n\t\t\t\t\t\t<div class=\"elementor-container elementor-column-gap-default\">\n\t\t\t\t\t<div class=\"elementor-column elementor-col-100 elementor-top-column elementor-element elementor-element-adbfdb8\" data-id=\"adbfdb8\" data-element_type=\"column\" data-e-type=\"column\">\n\t\t\t<div class=\"elementor-widget-wrap elementor-element-populated\">\n\t\t\t\t\t\t<div class=\"elementor-element elementor-element-7169b31 elementor-widget elementor-widget-heading\" data-id=\"7169b31\" data-element_type=\"widget\" data-e-type=\"widget\" data-widget_type=\"heading.default\">\n\t\t\t\t<div class=\"elementor-widget-container\">\n\t\t\t\t\t<h2 class=\"elementor-heading-title elementor-size-default\">ANTIQUIT\u00c4TEN<\/h2>\t\t\t\t<\/div>\n\t\t\t\t<\/div>\n\t\t\t\t\t<\/div>\n\t\t<\/div>\n\t\t\t\t\t<\/div>\n\t\t<\/section>\n\t\t\t\t<section class=\"elementor-section elementor-top-section elementor-element elementor-element-1bbdbfd elementor-section-boxed elementor-section-height-default elementor-section-height-default\" data-id=\"1bbdbfd\" data-element_type=\"section\" data-e-type=\"section\">\n\t\t\t\t\t\t<div class=\"elementor-container elementor-column-gap-default\">\n\t\t\t\t\t<div class=\"elementor-column elementor-col-50 elementor-top-column elementor-element elementor-element-273f4dc\" data-id=\"273f4dc\" data-element_type=\"column\" data-e-type=\"column\">\n\t\t\t<div class=\"elementor-widget-wrap elementor-element-populated\">\n\t\t\t\t\t\t<div class=\"elementor-element elementor-element-225b5de elementor-widget elementor-widget-text-editor\" data-id=\"225b5de\" data-element_type=\"widget\" data-e-type=\"widget\" data-widget_type=\"text-editor.default\">\n\t\t\t\t<div class=\"elementor-widget-container\">\n\t\t\t\t\t\t\t\t\t<p class=\"western\"><span style=\"font-size: medium;\"><span style=\"color: #404040;\"><span style=\"font-family: Century Gothic, serif;\">\u00a0<\/span><\/span><\/span><\/p><p class=\"western\" style=\"font-weight: normal; line-height: 0.56cm; margin-bottom: 0.42cm;\"><span style=\"font-size: medium;\"><span style=\"color: #404040;\"><span style=\"font-family: Century Gothic, serif;\">In unserem Sortiment finden Sie alte Originale aus Holz, die Individualit\u00e4t und den Charakter der jeweiligen Epoche widerspiegeln. Die antiken M\u00f6bel lassen sich ideal mit einer modernen Einrichtung kombinieren. <\/span><\/span><\/span><\/p><p class=\"western\" style=\"line-height: 0.56cm; margin-right: 0.34cm; margin-bottom: 0.42cm;\"><span style=\"color: #404040;\"><span style=\"font-family: Century Gothic, serif;\"><span style=\"font-size: medium;\">Sie finden bei uns neben M\u00f6bel in Kirsch- und Nussbaum auch Antiquit\u00e4ten in Birke, Eiche, Esche sowie Mahagoni und Weichholz, die aus den unterschiedlichsten Stilepochen wie Barock, Biedermeier und Empire stammen. <\/span><\/span><\/span><\/p><p class=\"western\" style=\"line-height: 0.56cm; margin-right: 0.34cm; margin-bottom: 0.42cm;\"><span style=\"color: #404040;\"><span style=\"font-family: Century Gothic, serif;\"><span style=\"font-size: medium;\">Auf einer weiteren Lagerfl\u00e4che von rund 300qm erwartet Sie ebenfalls ein gro\u00dfes Sortiment an unrestaurierten Antikm\u00f6beln, deren Restauration und vor allem die Oberfl\u00e4chenbehandlung sich nach Ihren individuellen Kundenw\u00fcnschen richtet.<\/span><\/span><\/span><\/p><h4 class=\"western\"><span style=\"color: #404040;\"><span style=\"font-family: Century Gothic, serif;\"><span style=\"font-size: medium;\">\u00a0<\/span><\/span><\/span><\/h4>\t\t\t\t\t\t\t\t<\/div>\n\t\t\t\t<\/div>\n\t\t\t\t\t<\/div>\n\t\t<\/div>\n\t\t\t\t<div class=\"elementor-column elementor-col-50 elementor-top-column elementor-element elementor-element-5104ef0\" data-id=\"5104ef0\" data-element_type=\"column\" data-e-type=\"column\">\n\t\t\t<div class=\"elementor-widget-wrap elementor-element-populated\">\n\t\t\t\t\t\t<div class=\"elementor-element elementor-element-a08ff59 elementor-arrows-position-inside elementor-pagination-position-outside elementor-widget elementor-widget-image-carousel\" data-id=\"a08ff59\" data-element_type=\"widget\" data-e-type=\"widget\" data-settings=\"{&quot;slides_to_show&quot;:&quot;1&quot;,&quot;navigation&quot;:&quot;both&quot;,&quot;autoplay&quot;:&quot;yes&quot;,&quot;pause_on_hover&quot;:&quot;yes&quot;,&quot;pause_on_interaction&quot;:&quot;yes&quot;,&quot;autoplay_speed&quot;:5000,&quot;infinite&quot;:&quot;yes&quot;,&quot;effect&quot;:&quot;slide&quot;,&quot;speed&quot;:500}\" data-widget_type=\"image-carousel.default\">\n\t\t\t\t<div class=\"elementor-widget-container\">\n\t\t\t\t\t\t\t<div class=\"elementor-image-carousel-wrapper swiper\" role=\"region\" aria-roledescription=\"carousel\" aria-label=\"Bild Karussell\" dir=\"ltr\">\n\t\t\t<div class=\"elementor-image-carousel swiper-wrapper\" aria-live=\"off\">\n\t\t\t\t\t\t\t\t<div class=\"swiper-slide\" role=\"group\" aria-roledescription=\"slide\" aria-label=\"1 von 8\"><figure class=\"swiper-slide-inner\"><img decoding=\"async\" class=\"swiper-slide-image\" src=\"http:\/\/antik-linke.de\/wp-content\/uploads\/2023\/08\/bild-antiquitaeten-1-rotated.jpg\" alt=\"bild antiquit\u00e4ten 1\" \/><\/figure><\/div><div class=\"swiper-slide\" role=\"group\" aria-roledescription=\"slide\" aria-label=\"2 von 8\"><figure class=\"swiper-slide-inner\"><img decoding=\"async\" class=\"swiper-slide-image\" src=\"http:\/\/antik-linke.de\/wp-content\/uploads\/2023\/08\/bild-antiquitaeten-2-rotated.jpg\" alt=\"bild antiquit\u00e4ten 2\" \/><\/figure><\/div><div class=\"swiper-slide\" role=\"group\" aria-roledescription=\"slide\" aria-label=\"3 von 8\"><figure class=\"swiper-slide-inner\"><img decoding=\"async\" class=\"swiper-slide-image\" src=\"http:\/\/antik-linke.de\/wp-content\/uploads\/2023\/08\/bild-antiquitaeten-3.jpg\" alt=\"bild antiquit\u00e4ten 3\" \/><\/figure><\/div><div class=\"swiper-slide\" role=\"group\" aria-roledescription=\"slide\" aria-label=\"4 von 8\"><figure class=\"swiper-slide-inner\"><img decoding=\"async\" class=\"swiper-slide-image\" src=\"http:\/\/antik-linke.de\/wp-content\/uploads\/2023\/08\/IMG_7805-rotated.jpg\" alt=\"IMG_7805\" \/><\/figure><\/div><div class=\"swiper-slide\" role=\"group\" aria-roledescription=\"slide\" aria-label=\"5 von 8\"><figure class=\"swiper-slide-inner\"><img decoding=\"async\" class=\"swiper-slide-image\" src=\"http:\/\/antik-linke.de\/wp-content\/uploads\/2023\/08\/IMG_7763-rotated.jpg\" alt=\"IMG_7763\" \/><\/figure><\/div><div class=\"swiper-slide\" role=\"group\" aria-roledescription=\"slide\" aria-label=\"6 von 8\"><figure class=\"swiper-slide-inner\"><img decoding=\"async\" class=\"swiper-slide-image\" src=\"http:\/\/antik-linke.de\/wp-content\/uploads\/2023\/08\/IMG_4206-768x576.jpg\" alt=\"IMG_4206\" \/><\/figure><\/div><div class=\"swiper-slide\" role=\"group\" aria-roledescription=\"slide\" aria-label=\"7 von 8\"><figure class=\"swiper-slide-inner\"><img decoding=\"async\" class=\"swiper-slide-image\" src=\"http:\/\/antik-linke.de\/wp-content\/uploads\/2023\/08\/IMG_7801-rotated.jpg\" alt=\"IMG_7801\" \/><\/figure><\/div><div class=\"swiper-slide\" role=\"group\" aria-roledescription=\"slide\" aria-label=\"8 von 8\"><figure class=\"swiper-slide-inner\"><img decoding=\"async\" class=\"swiper-slide-image\" src=\"http:\/\/antik-linke.de\/wp-content\/uploads\/2023\/08\/IMG_7803-rotated.jpg\" alt=\"IMG_7803\" \/><\/figure><\/div>\t\t\t<\/div>\n\t\t\t\t\t\t\t\t\t\t\t\t<div class=\"elementor-swiper-button elementor-swiper-button-prev\" role=\"button\" tabindex=\"0\">\n\t\t\t\t\t\t<i aria-hidden=\"true\" class=\"eicon-chevron-left\"><\/i>\t\t\t\t\t<\/div>\n\t\t\t\t\t<div class=\"elementor-swiper-button elementor-swiper-button-next\" role=\"button\" tabindex=\"0\">\n\t\t\t\t\t\t<i aria-hidden=\"true\" class=\"eicon-chevron-right\"><\/i>\t\t\t\t\t<\/div>\n\t\t\t\t\n\t\t\t\t\t\t\t\t\t<div class=\"swiper-pagination\"><\/div>\n\t\t\t\t\t\t\t\t\t<\/div>\n\t\t\t\t\t\t<\/div>\n\t\t\t\t<\/div>\n\t\t\t\t\t<\/div>\n\t\t<\/div>\n\t\t\t\t\t<\/div>\n\t\t<\/section>\n\t\t\t\t<\/div>\n\t\t","protected":false},"excerpt":{"rendered":"<p>ANTIQUIT\u00c4TEN In unserem Sortiment finden Sie alte Originale aus Holz, die Individualit\u00e4t und den Charakter der jeweiligen Epoche widerspiegeln. Die antiken M\u00f6bel lassen sich ideal mit einer modernen Einrichtung kombinieren. Sie finden bei uns neben M\u00f6bel in Kirsch- und Nussbaum auch Antiquit\u00e4ten in Birke, Eiche, Esche sowie Mahagoni und Weichholz, die aus den unterschiedlichsten Stilepochen [&hellip;]<\/p>\n","protected":false},"author":1,"featured_media":0,"parent":0,"menu_order":0,"comment_status":"closed","ping_status":"closed","template":"","meta":{"site-sidebar-layout":"no-sidebar","site-content-layout":"page-builder","ast-site-content-layout":"full-width-container","site-content-style":"unboxed","site-sidebar-style":"unboxed","ast-global-header-display":"","ast-banner-title-visibility":"","ast-main-header-display":"","ast-hfb-above-header-display":"","ast-hfb-below-header-display":"","ast-hfb-mobile-header-display":"","site-post-title":"disabled","ast-breadcrumbs-content":"","ast-featured-img":"disabled","footer-sml-layout":"","ast-disable-related-posts":"","theme-transparent-header-meta":"default","adv-header-id-meta":"","stick-header-meta":"","header-above-stick-meta":"","header-main-stick-meta":"","header-below-stick-meta":"","astra-migrate-meta-layouts":"set","ast-page-background-enabled":"default","ast-page-background-meta":{"desktop":{"background-color":"","background-image":"","background-repeat":"repeat","background-position":"center center","background-size":"auto","background-attachment":"scroll","background-type":"","background-media":"","overlay-type":"","overlay-color":"","overlay-opacity":"","overlay-gradient":""},"tablet":{"background-color":"","background-image":"","background-repeat":"repeat","background-position":"center center","background-size":"auto","background-attachment":"scroll","background-type":"","background-media":"","overlay-type":"","overlay-color":"","overlay-opacity":"","overlay-gradient":""},"mobile":{"background-color":"","background-image":"","background-repeat":"repeat","background-position":"center center","background-size":"auto","background-attachment":"scroll","background-type":"","background-media":"","overlay-type":"","overlay-color":"","overlay-opacity":"","overlay-gradient":""}},"ast-content-background-meta":{"desktop":{"background-color":"var(--ast-global-color-5)","background-image":"","background-repeat":"repeat","background-position":"center center","background-size":"auto","background-attachment":"scroll","background-type":"","background-media":"","overlay-type":"","overlay-color":"","overlay-opacity":"","overlay-gradient":""},"tablet":{"background-color":"var(--ast-global-color-5)","background-image":"","background-repeat":"repeat","background-position":"center center","background-size":"auto","background-attachment":"scroll","background-type":"","background-media":"","overlay-type":"","overlay-color":"","overlay-opacity":"","overlay-gradient":""},"mobile":{"background-color":"var(--ast-global-color-5)","background-image":"","background-repeat":"repeat","background-position":"center center","background-size":"auto","background-attachment":"scroll","background-type":"","background-media":"","overlay-type":"","overlay-color":"","overlay-opacity":"","overlay-gradient":""}},"footnotes":""},"class_list":["post-1172","page","type-page","status-publish","hentry"],"_links":{"self":[{"href":"http:\/\/antik-linke.de\/index.php?rest_route=\/wp\/v2\/pages\/1172","targetHints":{"allow":["GET"]}}],"collection":[{"href":"http:\/\/antik-linke.de\/index.php?rest_route=\/wp\/v2\/pages"}],"about":[{"href":"http:\/\/antik-linke.de\/index.php?rest_route=\/wp\/v2\/types\/page"}],"author":[{"embeddable":true,"href":"http:\/\/antik-linke.de\/index.php?rest_route=\/wp\/v2\/users\/1"}],"replies":[{"embeddable":true,"href":"http:\/\/antik-linke.de\/index.php?rest_route=%2Fwp%2Fv2%2Fcomments&post=1172"}],"version-history":[{"count":60,"href":"http:\/\/antik-linke.de\/index.php?rest_route=\/wp\/v2\/pages\/1172\/revisions"}],"predecessor-version":[{"id":1675,"href":"http:\/\/antik-linke.de\/index.php?rest_route=\/wp\/v2\/pages\/1172\/revisions\/1675"}],"wp:attachment":[{"href":"http:\/\/antik-linke.de\/index.php?rest_route=%2Fwp%2Fv2%2Fmedia&parent=1172"}],"curies":[{"name":"wp","href":"https:\/\/api.w.org\/{rel}","templated":true}]}}